{"id":638,"date":"2018-11-19T10:04:16","date_gmt":"2018-11-19T09:04:16","guid":{"rendered":"https:\/\/emsculpt.calistamedical.ch\/?page_id=638"},"modified":"2026-05-12T07:30:50","modified_gmt":"2026-05-12T05:30:50","slug":"protection-des-donnees","status":"publish","type":"page","link":"https:\/\/www.emsculpt.ch\/fr\/protection-des-donnees\/","title":{"rendered":"Protection des donn\u00e9es"},"content":{"rendered":"<div class=\"et_pb_section_0 et_pb_section et_section_regular et_block_section\">\n<div class=\"et_pb_row_0 et_pb_row et_block_row\">\n<div class=\"et_pb_column_0 et_pb_column et_pb_column_4_4 et-last-child et_block_column et_pb_css_mix_blend_mode_passthrough\">\n<div class=\"et_pb_text_0 et_pb_text et_pb_bg_layout_light et_pb_module et_block_module\"><div class=\"et_pb_text_inner\"><h1>Protection des donn\u00e9es<\/h1>\n<\/div><\/div>\n\n<div class=\"et_pb_text_1 et_pb_text et_pb_bg_layout_light et_pb_module et_block_module et_pb_text_align_center\"><div class=\"et_pb_text_inner\"><h2 style=\"text-align: center;\">EXCLUSION DE RESPONSABILIT\u00c9<\/h2>\n<p style=\"text-align: center;\">BTL Switzerland GmbH n\u2019accorde aucune garantie quant \u00e0 l\u2019exactitude, la pr\u00e9cision, l\u2019actualit\u00e9, la fiabilit\u00e9 et le caract\u00e8re complet des contenus et informations pr\u00e9sent\u00e9s.Les revendications de responsabilit\u00e9 \u00e0 l\u2019encontre de BTL Switzerland GmbH au titre de dommages de nature mat\u00e9rielle ou non, d\u00e9coulant de l\u2019acc\u00e8s \u00e0, de l\u2019utilisation ou de l\u2019absence d\u2019utilisation des informations publi\u00e9es, d\u2019une connexion abusive ou de d\u00e9fauts techniques sont exclues. Les offres sont sans engagement. BTL Switzerland GmbH\u00a0se r\u00e9serve express\u00e9ment le droit de modifier, compl\u00e9ter, supprimer ses pages ou son offre en tout ou partie sans pr\u00e9avis ou de suspendre d\u00e9finitivement la publication.<\/p>\n<h2 style=\"text-align: center;\">Liens depuis et vers d\u2019autres sites Internet \/ contenus \u00e9trangers<\/h2>\n<p style=\"text-align: center;\">Le site Internet www.emsculpt.ch contient des liens vers des sites Internet externes que l\u2019utilisateur visite \u00e0 ses propres risques. Le contenu, les produits, les services et autres offres contenus sur de tels sites Internet ou liens externes rel\u00e8vent de la responsabilit\u00e9 exclusive de leur exploitant. BTL Switzerland GmbH\u00a0d\u00e9cline toute responsabilit\u00e9 dans ce contexte.<\/p>\n<h2 style=\"text-align: center;\">PROTECTION DES DONN\u00c9ES ET GESTION DES DONN\u00c9ES \u00c0 CARACT\u00c8RE PERSONNEL<\/h2>\n<p style=\"text-align: center;\">En r\u00e8gle g\u00e9n\u00e9rale, vous pouvez consulter le site Internet de BTL Switzerland GmbH\u00a0sans renseigner de donn\u00e9es personnelles. Aucune donn\u00e9e \u00e0 caract\u00e8re personnel ne fait l\u2019objet d\u2019un enregistrement automatique. Des donn\u00e9es d\u2019acc\u00e8s anonymes sont enregistr\u00e9es afin d\u2019\u00e9tablir des statistiques d\u2019utilisation d\u2019apr\u00e8s les fichiers de journal du serveur.<\/p>\n<p style=\"text-align: center;\"><strong>Utilisation des donn\u00e9es du formulaire de contact:<\/strong><br \/>Les donn\u00e9es du formulaire de contact nous sont transmises par e-mail. Bien s\u00fbr, nous utilisons celles-ci uniquement afin de r\u00e9pondre \u00e0 votre demande et ne les transmettons pas \u00e0 des tiers. Vous pouvez r\u00e9voquer votre consentement \u00e0 tout moment par e-mail \u00e0 l\u2019adresse <a href=\"mailto: &#x62;&#x74;&#108;c&#x68;&#x40;&#x62;&#116;l&#x6e;&#x65;&#x74;&#46;c&#x6f;&#x6d;\" title=\"&#x62;&#x74;&#x6c;&#x63;&#x68;&#x40;&#x62;&#x74;&#x6c;&#x6e;&#x65;&#116;&#46;&#99;&#111;&#109;\">&#x62;&#x74;&#x6c;&#x63;&#104;&#64;btl&#x6e;&#x65;&#x74;&#x2e;&#99;&#111;m<\/a> ou aux coordonn\u00e9es indiqu\u00e9es dans les mentions l\u00e9gales.<\/p>\n<h2 style=\"text-align: center;\">COOKIES:<\/h2>\n<p style=\"text-align: center;\">Nous utilisons des cookies sur le pr\u00e9sent site Internet. Les cookies sont de petits fichiers d\u2019informations qu\u2019un site Internet envoie \u00e0 votre navigateur Internet lorsque vous visitez une page. Les cookies sont enregistr\u00e9s sur votre ordinateur pendant une p\u00e9riode d\u00e9termin\u00e9e, suivant leur date d\u2019expiration. Vous trouverez de plus amples informations sur les cookies \u00e0 l\u2019adresse www.allaboutcookies.org. En visitant notre site Internet, vous d\u00e9clarez consentir \u00e0 l\u2019enregistrement de cookies sur votre appareil.<\/p>\n<h2 style=\"text-align: center;\">GOOGLE ANALYTICS<\/h2>\n<p style=\"text-align: center;\">Le pr\u00e9sent site Internet utilise Google Analytics, un service d\u2019analyse Internet de Google Inc, (1600 Amphitheatre Parkway Mountain View, CA 94043, USA; \u00abGoogle\u00bb). L\u2019utilisation comprend le type d\u2019exploitation \u00abUniversal Analytics\u00bb. Ce service permet de faire le lien entre les donn\u00e9es, sessions et interactions d\u2019un ID d\u2019utilisateur pseudonymis\u00e9 sur plusieurs appareils et ainsi d\u2019analyser ses activit\u00e9s sur tous ses appareils.<\/p>\n<p style=\"text-align: center;\">Google Analytics utilise ce qu\u2019on appelle des \u00abcookies\u00bb, des fichiers texte enregistr\u00e9s sur votre ordinateur et qui permette d\u2019analyser votre utilisation du site Internet. En r\u00e8gle g\u00e9n\u00e9rale, les informations produites par les cookies concernant votre utilisation du pr\u00e9sent site Internet sont transmises \u00e0 un serveur de Google aux \u00c9tats-Unis, o\u00f9 elles sont enregistr\u00e9es. En cas d\u2019activation de l\u2019anonymisation IP sur le pr\u00e9sent site Internet, votre adresse IP est toutefois raccourcie au sein des \u00c9tats membres de l\u2019Union europ\u00e9enne ou autres \u00c9tats ayant sign\u00e9 l\u2019Accord sur l\u2019Espace \u00e9conomique europ\u00e9en avant d\u2019\u00eatre transmise. Dans des cas exceptionnels, l\u2019adresse IP compl\u00e8te est transmise \u00e0 un serveur de Google aux \u00c9tats-Unis et est raccourcie sur place. Aucun lien n\u2019est \u00e9tabli entre l\u2019adresse IP transmise par votre navigateur dans le cadre de Google Analytics et d\u2019autres donn\u00e9es de Google. Pour le compte de l\u2019exploitant du pr\u00e9sent site Internet, Google utilise ces informations afin d\u2019\u00e9valuer votre utilisation du site Internet, d\u2019\u00e9tablir des rapports concernant les activit\u00e9s du site Internet et de fournir \u00e0 l\u2019exploitant du site Internet d\u2019autres prestations en lien avec l\u2019utilisation du site Internet et d\u2019Internet en g\u00e9n\u00e9ral. Notre int\u00e9r\u00eat l\u00e9gitime au traitement des donn\u00e9es r\u00e9side \u00e9galement dans ces finalit\u00e9s. Le fondement juridique sur lequel repose l\u2019utilisation de Google Analytics est le \u00a7 15 al. 3 TMG (Loi allemande sur les t\u00e9l\u00e9m\u00e9dias) et l\u2019art. 6 al. 1 let. f RGPD. Les donn\u00e9es que nous transmettons reli\u00e9es \u00e0 des cookies, des identifications de l\u2019utilisateur (par ex. ID d\u2019utilisateur) ou des identifiants publicitaires sont automatiquement supprim\u00e9es apr\u00e8s 14 mois. La suppression des donn\u00e9es dont le d\u00e9lai de conservation a \u00e9t\u00e9 d\u00e9pass\u00e9 s\u2019effectue automatiquement une fois par mois. Vous trouverez de plus amples informations concernant les conditions d\u2019utilisation et la protection des donn\u00e9es sur https:\/\/www.google.com\/analytics\/terms\/fr.html et sur https:\/\/policies.google.com\/?hl=fr.<\/p>\n<h2 style=\"text-align: center;\">PLUGIN DE NAVIGATEUR<\/h2>\n<p style=\"text-align: center;\">Vous pouvez emp\u00eacher l\u2019enregistrement de cookies en param\u00e9trant votre navigateur en cons\u00e9quence; nous attirons cependant votre attention sur le fait que dans ce cas, il se peut que vous ne puissiez pas utiliser pleinement toutes les fonctions du pr\u00e9sent site Internet. En outre, vous pouvez emp\u00eacher l\u2019enregistrement des donn\u00e9es produites par le cookie concernant votre utilisation du site Internet (y compris votre adresse IP) et leur traitement ult\u00e9rieur par Google en t\u00e9l\u00e9chargeant et en installant un plugin de navigateur. Les cookies opt-out \u00e9vitent l\u2019enregistrement futur de vos donn\u00e9es lorsque vous visitez le pr\u00e9sent site Internet. Afin d\u2019emp\u00eacher l\u2019enregistrement par Universal Analytics sur plusieurs appareils, vous devez cr\u00e9er le cookie opt-out sur tous les syst\u00e8mes utilis\u00e9s.<\/p>\n<h2 style=\"text-align: center;\">OPPOSITION \u00c0 L\u2019ENREGISTREMENT DES DONN\u00c9ES<\/h2>\n<p style=\"text-align: center;\">Vous pouvez emp\u00eacher l\u2019enregistrement de vos donn\u00e9es par Google Analytics en cliquant sur le lien suivant. Un cookie opt-out sera cr\u00e9\u00e9 afin d\u2019emp\u00eacher l\u2019enregistrement de vos donn\u00e9es lors de vos prochaines visites sur le pr\u00e9sent site Internet:<\/p>\n<\/div><\/div>\n\n<div class=\"et_pb_code_0 et_pb_code et_pb_text_align_center et_pb_module\"><div class=\"et_pb_code_inner\">\n<a onclick=\"alert('Le tracking par Google Analytics a \u00e9t\u00e9 d\u00e9sactiv\u00e9 pour le pr\u00e9sent site Internet dans votre navigateur');\" href=\"javascript:gaOptout()\">Cliquez ici pour d\u00e9sactiver Google Analytics<\/a><\/div><\/div>\n\n<div class=\"et_pb_text_2 et_pb_text et_pb_bg_layout_light et_pb_module et_block_module\"><div class=\"et_pb_text_inner\"><h2 style=\"text-align: center;\">DROITS D\u2019AUTEUR<\/h2>\n<p style=\"text-align: center;\">Les droits d\u2019auteur et l\u2019ensemble des autres droits sur les contenus, images, photos ou autres fichiers figurant sur le site Internet sont la propri\u00e9t\u00e9 exclusive de BTL Switzerland GmbH ou des ayants droit sp\u00e9cialement d\u00e9sign\u00e9s. L\u2019autorisation \u00e9crite du d\u00e9tenteur des droits d\u2019auteur doit \u00eatre obtenue pour reproduire les \u00e9l\u00e9ments qu\u2019il contient.<\/p>\n<\/div><\/div>\n<\/div>\n<\/div>\n<\/div>","protected":false},"excerpt":{"rendered":"","protected":false},"author":1,"featured_media":0,"parent":0,"menu_order":0,"comment_status":"closed","ping_status":"closed","template":"","meta":{"footnotes":""},"class_list":["post-638","page","type-page","status-publish","hentry"],"_links":{"self":[{"href":"https:\/\/www.emsculpt.ch\/fr\/wp-json\/wp\/v2\/pages\/638","targetHints":{"allow":["GET"]}}],"collection":[{"href":"https:\/\/www.emsculpt.ch\/fr\/wp-json\/wp\/v2\/pages"}],"about":[{"href":"https:\/\/www.emsculpt.ch\/fr\/wp-json\/wp\/v2\/types\/page"}],"author":[{"embeddable":true,"href":"https:\/\/www.emsculpt.ch\/fr\/wp-json\/wp\/v2\/users\/1"}],"replies":[{"embeddable":true,"href":"https:\/\/www.emsculpt.ch\/fr\/wp-json\/wp\/v2\/comments?post=638"}],"version-history":[{"count":8,"href":"https:\/\/www.emsculpt.ch\/fr\/wp-json\/wp\/v2\/pages\/638\/revisions"}],"predecessor-version":[{"id":1760,"href":"https:\/\/www.emsculpt.ch\/fr\/wp-json\/wp\/v2\/pages\/638\/revisions\/1760"}],"wp:attachment":[{"href":"https:\/\/www.emsculpt.ch\/fr\/wp-json\/wp\/v2\/media?parent=638"}],"curies":[{"name":"wp","href":"https:\/\/api.w.org\/{rel}","templated":true}]}}